{"id":920,"date":"2024-12-29T17:36:51","date_gmt":"2024-12-29T17:36:51","guid":{"rendered":"https:\/\/events.sensationbrands.net\/?page_id=920"},"modified":"2025-01-01T17:31:29","modified_gmt":"2025-01-02T00:31:29","slug":"eventos","status":"publish","type":"page","link":"https:\/\/events.sensationbrands.net\/en\/","title":{"rendered":"Eventos"},"content":{"rendered":"<div data-elementor-type=\"wp-page\" data-elementor-id=\"920\" class=\"elementor elementor-920\" data-elementor-post-type=\"page\">\n\t\t\t\t<div class=\"elementor-element elementor-element-db6780a e-flex e-con-boxed e-con e-parent\" data-id=\"db6780a\" data-element_type=\"container\" data-settings=\"{&quot;background_background&quot;:&quot;gradient&quot;}\">\n\t\t\t\t\t<div class=\"e-con-inner\">\n\t\t<div class=\"elementor-element elementor-element-b7533a9 e-con-full e-flex e-con e-child\" data-id=\"b7533a9\" data-element_type=\"container\">\n\t\t\t\t<div class=\"elementor-element elementor-element-04f2d29 elementor-widget elementor-widget-image\" data-id=\"04f2d29\" data-element_type=\"widget\" data-widget_type=\"image.default\">\n\t\t\t\t<div class=\"elementor-widget-container\">\n\t\t\t\t\t\t\t\t\t\t\t\t\t\t\t<img fetchpriority=\"high\" decoding=\"async\" width=\"900\" height=\"1097\" src=\"https:\/\/events.sensationbrands.net\/wp-content\/uploads\/2024\/12\/Ejecutivos-pareja.png\" class=\"attachment-full size-full wp-image-754\" alt=\"\" srcset=\"https:\/\/events.sensationbrands.net\/wp-content\/uploads\/2024\/12\/Ejecutivos-pareja.png 900w, https:\/\/events.sensationbrands.net\/wp-content\/uploads\/2024\/12\/Ejecutivos-pareja-600x731.png 600w, https:\/\/events.sensationbrands.net\/wp-content\/uploads\/2024\/12\/Ejecutivos-pareja-246x300.png 246w, https:\/\/events.sensationbrands.net\/wp-content\/uploads\/2024\/12\/Ejecutivos-pareja-840x1024.png 840w, https:\/\/events.sensationbrands.net\/wp-content\/uploads\/2024\/12\/Ejecutivos-pareja-768x936.png 768w\" sizes=\"(max-width: 900px) 100vw, 900px\" \/>\t\t\t\t\t\t\t\t\t\t\t\t\t\t\t<\/div>\n\t\t\t\t<\/div>\n\t\t\t\t<\/div>\n\t\t<div class=\"elementor-element elementor-element-190ead0 e-con-full e-flex e-con e-child\" data-id=\"190ead0\" data-element_type=\"container\">\n\t\t\t\t<div class=\"elementor-element elementor-element-581fa97 elementor-widget elementor-widget-woocommerce-notices\" data-id=\"581fa97\" data-element_type=\"widget\" data-widget_type=\"woocommerce-notices.default\">\n\t\t\t\t<div class=\"elementor-widget-container\">\n\t\t\t\t\t\t\t<style>\n\t\t\t.woocommerce-notices-wrapper,\n\t\t\t.woocommerce-message,\n\t\t\t.woocommerce-error,\n\t\t\t.woocommerce-info {\n\t\t\t\tdisplay: none;\n\t\t\t}\n\t\t<\/style>\n\t\t\t\t\t<div class=\"e-woocommerce-notices-wrapper e-woocommerce-notices-wrapper-loading\">\n\t\t\t\t<div class=\"woocommerce-notices-wrapper\"><\/div>\t\t\t<\/div>\n\t\t\t\t\t\t\t<\/div>\n\t\t\t\t<\/div>\n\t\t\t\t<div class=\"elementor-element elementor-element-c462008 elementor-widget elementor-widget-heading\" data-id=\"c462008\" data-element_type=\"widget\" data-widget_type=\"heading.default\">\n\t\t\t\t<div class=\"elementor-widget-container\">\n\t\t\t\t\t<h2 class=\"elementor-heading-title elementor-size-default\">CONNECT AND WIN<\/h2>\t\t\t\t<\/div>\n\t\t\t\t<\/div>\n\t\t\t\t<div class=\"elementor-element elementor-element-3f72e32 elementor-widget elementor-widget-text-editor\" data-id=\"3f72e32\" data-element_type=\"widget\" data-widget_type=\"text-editor.default\">\n\t\t\t\t<div class=\"elementor-widget-container\">\n\t\t\t\t\t\t\t\t\t<p>Discover the Business That Will Transform Your Future<\/p>\t\t\t\t\t\t\t\t<\/div>\n\t\t\t\t<\/div>\n\t\t\t\t<div class=\"elementor-element elementor-element-da1b681 elementor-widget elementor-widget-heading\" data-id=\"da1b681\" data-element_type=\"widget\" data-widget_type=\"heading.default\">\n\t\t\t\t<div class=\"elementor-widget-container\">\n\t\t\t\t\t<h2 class=\"elementor-heading-title elementor-size-default\">Learn in just two hours how to start a profitable business in 2025.<\/h2>\t\t\t\t<\/div>\n\t\t\t\t<\/div>\n\t\t\t\t<\/div>\n\t\t\t\t\t<\/div>\n\t\t\t\t<\/div>\n\t\t\t\t<\/div>","protected":false},"excerpt":{"rendered":"<p>CON\u00c9CTATE Y GANA Descubre el Negocio que Transformar\u00e1 tu Futuro Conoce en dos horas c\u00f3mo iniciar un negocio rentable en el 2025<\/p>","protected":false},"author":1,"featured_media":0,"parent":0,"menu_order":0,"comment_status":"closed","ping_status":"closed","template":"elementor_header_footer","meta":{"footnotes":""},"class_list":["post-920","page","type-page","status-publish","hentry"],"_links":{"self":[{"href":"https:\/\/events.sensationbrands.net\/en\/wp-json\/wp\/v2\/pages\/920","targetHints":{"allow":["GET"]}}],"collection":[{"href":"https:\/\/events.sensationbrands.net\/en\/wp-json\/wp\/v2\/pages"}],"about":[{"href":"https:\/\/events.sensationbrands.net\/en\/wp-json\/wp\/v2\/types\/page"}],"author":[{"embeddable":true,"href":"https:\/\/events.sensationbrands.net\/en\/wp-json\/wp\/v2\/users\/1"}],"replies":[{"embeddable":true,"href":"https:\/\/events.sensationbrands.net\/en\/wp-json\/wp\/v2\/comments?post=920"}],"version-history":[{"count":13,"href":"https:\/\/events.sensationbrands.net\/en\/wp-json\/wp\/v2\/pages\/920\/revisions"}],"predecessor-version":[{"id":967,"href":"https:\/\/events.sensationbrands.net\/en\/wp-json\/wp\/v2\/pages\/920\/revisions\/967"}],"wp:attachment":[{"href":"https:\/\/events.sensationbrands.net\/en\/wp-json\/wp\/v2\/media?parent=920"}],"curies":[{"name":"wp","href":"https:\/\/api.w.org\/{rel}","templated":true}]}}